{"id":17318,"date":"2024-11-30T21:43:24","date_gmt":"2024-12-01T00:43:24","guid":{"rendered":"https:\/\/josueleal.com\/pigov3\/?page_id=17318"},"modified":"2024-11-30T22:19:20","modified_gmt":"2024-12-01T01:19:20","slug":"mapa-do-site","status":"publish","type":"page","link":"https:\/\/josueleal.com\/pigov3\/mapa-do-site\/","title":{"rendered":"Mapa do Site"},"content":{"rendered":"\t\t<div data-elementor-type=\"wp-page\" data-elementor-id=\"17318\" class=\"elementor elementor-17318\" data-elementor-settings=\"{&quot;element_pack_global_tooltip_width&quot;:{&quot;unit&quot;:&quot;px&quot;,&quot;size&quot;:&quot;&quot;,&quot;sizes&quot;:[]},&quot;element_pack_global_tooltip_width_tablet&quot;:{&quot;unit&quot;:&quot;px&quot;,&quot;size&quot;:&quot;&quot;,&quot;sizes&quot;:[]},&quot;element_pack_global_tooltip_width_mobile&quot;:{&quot;unit&quot;:&quot;px&quot;,&quot;size&quot;:&quot;&quot;,&quot;sizes&quot;:[]},&quot;element_pack_global_tooltip_padding&quot;:{&quot;unit&quot;:&quot;px&quot;,&quot;top&quot;:&quot;&quot;,&quot;right&quot;:&quot;&quot;,&quot;bottom&quot;:&quot;&quot;,&quot;left&quot;:&quot;&quot;,&quot;isLinked&quot;:true},&quot;element_pack_global_tooltip_padding_tablet&quot;:{&quot;unit&quot;:&quot;px&quot;,&quot;top&quot;:&quot;&quot;,&quot;right&quot;:&quot;&quot;,&quot;bottom&quot;:&quot;&quot;,&quot;left&quot;:&quot;&quot;,&quot;isLinked&quot;:true},&quot;element_pack_global_tooltip_padding_mobile&quot;:{&quot;unit&quot;:&quot;px&quot;,&quot;top&quot;:&quot;&quot;,&quot;right&quot;:&quot;&quot;,&quot;bottom&quot;:&quot;&quot;,&quot;left&quot;:&quot;&quot;,&quot;isLinked&quot;:true},&quot;element_pack_global_tooltip_border_radius&quot;:{&quot;unit&quot;:&quot;px&quot;,&quot;top&quot;:&quot;&quot;,&quot;right&quot;:&quot;&quot;,&quot;bottom&quot;:&quot;&quot;,&quot;left&quot;:&quot;&quot;,&quot;isLinked&quot;:true},&quot;element_pack_global_tooltip_border_radius_tablet&quot;:{&quot;unit&quot;:&quot;px&quot;,&quot;top&quot;:&quot;&quot;,&quot;right&quot;:&quot;&quot;,&quot;bottom&quot;:&quot;&quot;,&quot;left&quot;:&quot;&quot;,&quot;isLinked&quot;:true},&quot;element_pack_global_tooltip_border_radius_mobile&quot;:{&quot;unit&quot;:&quot;px&quot;,&quot;top&quot;:&quot;&quot;,&quot;right&quot;:&quot;&quot;,&quot;bottom&quot;:&quot;&quot;,&quot;left&quot;:&quot;&quot;,&quot;isLinked&quot;:true}}\" data-elementor-post-type=\"page\">\n\t\t\t\t<div class=\"elementor-element elementor-element-ceab278 e-flex e-con-boxed e-con e-parent\" data-id=\"ceab278\" data-element_type=\"container\" data-e-type=\"container\" data-settings=\"{&quot;background_background&quot;:&quot;classic&quot;}\">\n\t\t\t\t\t<div class=\"e-con-inner\">\n\t\t<div class=\"elementor-element elementor-element-16858da e-con-full e-flex e-con e-child\" data-id=\"16858da\" data-element_type=\"container\" data-e-type=\"container\">\n\t\t\t\t<div class=\"elementor-element elementor-element-9210fc9 elementor-widget elementor-widget-heading\" data-id=\"9210fc9\" data-element_type=\"widget\" data-e-type=\"widget\" data-widget_type=\"heading.default\">\n\t\t\t\t<div class=\"elementor-widget-container\">\n\t\t\t\t\t<h2 class=\"elementor-heading-title elementor-size-default\"><a href=\"https:\/\/josueleal.com\/pigov3\">Home<\/a><\/h2>\t\t\t\t<\/div>\n\t\t\t\t<\/div>\n\t\t\t\t<div class=\"elementor-element elementor-element-c1e0bc8 elementor-view-default elementor-widget elementor-widget-icon\" data-id=\"c1e0bc8\" data-element_type=\"widget\" data-e-type=\"widget\" data-widget_type=\"icon.default\">\n\t\t\t\t<div class=\"elementor-widget-container\">\n\t\t\t\t\t\t\t<div class=\"elementor-icon-wrapper\">\n\t\t\t<div class=\"elementor-icon\">\n\t\t\t<svg xmlns=\"http:\/\/www.w3.org\/2000\/svg\" width=\"16\" height=\"16\" viewBox=\"0 0 16 16\" fill=\"none\"><path d=\"M5.72656 11.0533L8.7799 8L5.72656 4.94L6.66656 4L10.6666 8L6.66656 12L5.72656 11.0533Z\" fill=\"white\"><\/path><\/svg>\t\t\t<\/div>\n\t\t<\/div>\n\t\t\t\t\t\t<\/div>\n\t\t\t\t<\/div>\n\t\t\t\t<div class=\"elementor-element elementor-element-14403e8 elementor-widget elementor-widget-heading\" data-id=\"14403e8\" data-element_type=\"widget\" data-e-type=\"widget\" data-widget_type=\"heading.default\">\n\t\t\t\t<div class=\"elementor-widget-container\">\n\t\t\t\t\t<h2 class=\"elementor-heading-title elementor-size-default\">Mapa do Site<\/h2>\t\t\t\t<\/div>\n\t\t\t\t<\/div>\n\t\t\t\t<\/div>\n\t\t\t\t\t<\/div>\n\t\t\t\t<\/div>\n\t\t<div class=\"elementor-element elementor-element-083ec3b e-flex e-con-boxed e-con e-parent\" data-id=\"083ec3b\" data-element_type=\"container\" data-e-type=\"container\">\n\t\t\t\t\t<div class=\"e-con-inner\">\n\t\t<div class=\"elementor-element elementor-element-542f96d e-con-full e-flex e-con e-child\" data-id=\"542f96d\" data-element_type=\"container\" data-e-type=\"container\">\n\t\t\t\t<div class=\"elementor-element elementor-element-a0b9319 elementor-widget elementor-widget-html\" data-id=\"a0b9319\" data-element_type=\"widget\" data-e-type=\"widget\" data-widget_type=\"html.default\">\n\t\t\t\t<div class=\"elementor-widget-container\">\n\t\t\t\t\t<ul>\n    <li><strong>Governo<\/strong>\n        <ul>\n            <li><a href=\"\/pigov\/governador\/\">Governador<\/a><\/li>\n            <li><a href=\"\/pigov\/vice-governador\/\">Vice-Governador<\/a><\/li>\n            <li><a href=\"\/pigov\/agenda\/\">Agenda<\/a><\/li>\n            <li><a href=\"\/pigov\/simbolos-do-governo\/\">S\u00edmbolos do Governo<\/a><\/li>\n            <li><a href=\"https:\/\/www.diario.pi.gov.br\/\">Di\u00e1rio Oficial<\/a><\/li>\n        <\/ul>\n    <\/li>\n    <li><strong>Servi\u00e7os<\/strong>\n        <ul>\n            <li><a href=\"https:\/\/pidigital.pi.gov.br\/\">Para o Cidad\u00e3o<\/a><\/li>\n            <li><a href=\"https:\/\/www.piauidigital.pi.gov.br\/\">Para Empresas<\/a><\/li>\n            <li><a href=\"https:\/\/portaldoservidor.pi.gov.br\/\">Para o Servidor<\/a><\/li>\n        <\/ul>\n    <\/li>\n    <li><strong>Comunica\u00e7\u00e3o<\/strong>\n        <ul>\n            <li><a href=\"\/pigov\/noticias\/\">Not\u00edcias<\/a><\/li>\n            <li><a href=\"\/pigov\/identidade-visual\/\">Identidade Visual<\/a><\/li>\n        <\/ul>\n    <\/li>\n    <li><strong>Acesso \u00e0 Informa\u00e7\u00e3o<\/strong>\n        <ul>\n            <li><a href=\"https:\/\/falabr.cgu.gov.br\/\">Pedido de Acesso \u00e0 Informa\u00e7\u00e3o<\/a><\/li>\n            <li><a href=\"\/pigov\/acesso-informacao\/duvidas-frequentes\/\">D\u00favidas Frequentes<\/a><\/li>\n            <li><a href=\"https:\/\/admin.pi.gov.br\/\">Metodologia de Avalia\u00e7\u00e3o do Servi\u00e7o P\u00fablico<\/a><\/li>\n            <li><a href=\"https:\/\/portal.pi.gov.br\/\">Fale Conosco<\/a><\/li>\n        <\/ul>\n    <\/li>\n    <li><strong>Transpar\u00eancia<\/strong>\n        <ul>\n            <li><a href=\"\/pigov\/transparencia\/\">\u00c1rea da Transpar\u00eancia<\/a><\/li>\n            <li><a href=\"https:\/\/transparencia.pi.gov.br\/\">Portal da Transpar\u00eancia<\/a><\/li>\n            <li><a href=\"\/pigov\/transparencia\/receitas-despesas\/\">Receitas e Despesas<\/a><\/li>\n            <li><a href=\"https:\/\/admin.pi.gov.br\/\">Balan\u00e7o 2023<\/a><\/li>\n            <li><a href=\"https:\/\/admin.pi.gov.br\/\">Balan\u00e7o 2022<\/a><\/li>\n            <li><a href=\"https:\/\/radar.tce.mt.gov.br\/\">Radar da Transpar\u00eancia<\/a><\/li>\n        <\/ul>\n    <\/li>\n    <li><strong>Mais Sites<\/strong>\n        <ul>\n            <li><a href=\"https:\/\/antigo.pi.gov.br\/\">Site Antigo<\/a><\/li>\n            <li><a href=\"https:\/\/pidigital.pi.gov.br\/\">Gov.Pi Cidad\u00e3o<\/a><\/li>\n            <li><a href=\"https:\/\/piauidigital.pi.gov.br\/\">Gov.Pi Empresas<\/a><\/li>\n        <\/ul>\n    <\/li>\n\n<\/ul>\n\t\t\t\t<\/div>\n\t\t\t\t<\/div>\n\t\t\t\t<\/div>\n\t\t\t\t\t<\/div>\n\t\t\t\t<\/div>\n\t\t\t\t<\/div>\n\t\t","protected":false},"excerpt":{"rendered":"<p>Home Mapa do Site Governo Governador Vice-Governador Agenda S\u00edmbolos do Governo Di\u00e1rio Oficial Servi\u00e7os Para o Cidad\u00e3o Para Empresas Para o Servidor Comunica\u00e7\u00e3o Not\u00edcias Identidade Visual Acesso \u00e0 Informa\u00e7\u00e3o Pedido de Acesso \u00e0 Informa\u00e7\u00e3o D\u00favidas Frequentes Metodologia de Avalia\u00e7\u00e3o do Servi\u00e7o P\u00fablico Fale Conosco Transpar\u00eancia \u00c1rea da Transpar\u00eancia Portal da Transpar\u00eancia Receitas e Despesas Balan\u00e7o [&hellip;]<\/p>\n","protected":false},"author":1,"featured_media":0,"parent":0,"menu_order":0,"comment_status":"closed","ping_status":"closed","template":"elementor_header_footer","meta":{"_acf_changed":false,"footnotes":""},"class_list":["post-17318","page","type-page","status-publish","hentry"],"pp_statuses_selecting_workflow":false,"pp_workflow_action":"current","pp_status_selection":"publish","acf":[],"_links":{"self":[{"href":"https:\/\/josueleal.com\/pigov3\/wp-json\/wp\/v2\/pages\/17318","targetHints":{"allow":["GET"]}}],"collection":[{"href":"https:\/\/josueleal.com\/pigov3\/wp-json\/wp\/v2\/pages"}],"about":[{"href":"https:\/\/josueleal.com\/pigov3\/wp-json\/wp\/v2\/types\/page"}],"author":[{"embeddable":true,"href":"https:\/\/josueleal.com\/pigov3\/wp-json\/wp\/v2\/users\/1"}],"replies":[{"embeddable":true,"href":"https:\/\/josueleal.com\/pigov3\/wp-json\/wp\/v2\/comments?post=17318"}],"version-history":[{"count":46,"href":"https:\/\/josueleal.com\/pigov3\/wp-json\/wp\/v2\/pages\/17318\/revisions"}],"predecessor-version":[{"id":17367,"href":"https:\/\/josueleal.com\/pigov3\/wp-json\/wp\/v2\/pages\/17318\/revisions\/17367"}],"wp:attachment":[{"href":"https:\/\/josueleal.com\/pigov3\/wp-json\/wp\/v2\/media?parent=17318"}],"curies":[{"name":"wp","href":"https:\/\/api.w.org\/{rel}","templated":true}]}}