{"id":1202,"date":"2024-11-11T12:19:20","date_gmt":"2024-11-11T15:19:20","guid":{"rendered":"https:\/\/josueleal.com\/pigov3\/?page_id=1202"},"modified":"2025-11-14T10:55:57","modified_gmt":"2025-11-14T13:55:57","slug":"vice-governador","status":"publish","type":"page","link":"https:\/\/josueleal.com\/pigov3\/vice-governador\/","title":{"rendered":"Vice-Governador"},"content":{"rendered":"\t\t<div data-elementor-type=\"wp-page\" data-elementor-id=\"1202\" class=\"elementor elementor-1202\" data-elementor-settings=\"{&quot;element_pack_global_tooltip_width&quot;:{&quot;unit&quot;:&quot;px&quot;,&quot;size&quot;:&quot;&quot;,&quot;sizes&quot;:[]},&quot;element_pack_global_tooltip_width_tablet&quot;:{&quot;unit&quot;:&quot;px&quot;,&quot;size&quot;:&quot;&quot;,&quot;sizes&quot;:[]},&quot;element_pack_global_tooltip_width_mobile&quot;:{&quot;unit&quot;:&quot;px&quot;,&quot;size&quot;:&quot;&quot;,&quot;sizes&quot;:[]},&quot;element_pack_global_tooltip_padding&quot;:{&quot;unit&quot;:&quot;px&quot;,&quot;top&quot;:&quot;&quot;,&quot;right&quot;:&quot;&quot;,&quot;bottom&quot;:&quot;&quot;,&quot;left&quot;:&quot;&quot;,&quot;isLinked&quot;:true},&quot;element_pack_global_tooltip_padding_tablet&quot;:{&quot;unit&quot;:&quot;px&quot;,&quot;top&quot;:&quot;&quot;,&quot;right&quot;:&quot;&quot;,&quot;bottom&quot;:&quot;&quot;,&quot;left&quot;:&quot;&quot;,&quot;isLinked&quot;:true},&quot;element_pack_global_tooltip_padding_mobile&quot;:{&quot;unit&quot;:&quot;px&quot;,&quot;top&quot;:&quot;&quot;,&quot;right&quot;:&quot;&quot;,&quot;bottom&quot;:&quot;&quot;,&quot;left&quot;:&quot;&quot;,&quot;isLinked&quot;:true},&quot;element_pack_global_tooltip_border_radius&quot;:{&quot;unit&quot;:&quot;px&quot;,&quot;top&quot;:&quot;&quot;,&quot;right&quot;:&quot;&quot;,&quot;bottom&quot;:&quot;&quot;,&quot;left&quot;:&quot;&quot;,&quot;isLinked&quot;:true},&quot;element_pack_global_tooltip_border_radius_tablet&quot;:{&quot;unit&quot;:&quot;px&quot;,&quot;top&quot;:&quot;&quot;,&quot;right&quot;:&quot;&quot;,&quot;bottom&quot;:&quot;&quot;,&quot;left&quot;:&quot;&quot;,&quot;isLinked&quot;:true},&quot;element_pack_global_tooltip_border_radius_mobile&quot;:{&quot;unit&quot;:&quot;px&quot;,&quot;top&quot;:&quot;&quot;,&quot;right&quot;:&quot;&quot;,&quot;bottom&quot;:&quot;&quot;,&quot;left&quot;:&quot;&quot;,&quot;isLinked&quot;:true}}\" data-elementor-post-type=\"page\">\n\t\t\t\t<div class=\"elementor-element elementor-element-576cdda e-flex e-con-boxed e-con e-parent\" data-id=\"576cdda\" data-element_type=\"container\" data-e-type=\"container\" data-settings=\"{&quot;background_background&quot;:&quot;classic&quot;}\">\n\t\t\t\t\t<div class=\"e-con-inner\">\n\t\t<div class=\"elementor-element elementor-element-3b9e163 e-con-full e-flex e-con e-child\" data-id=\"3b9e163\" data-element_type=\"container\" data-e-type=\"container\">\n\t\t\t\t<div class=\"elementor-element elementor-element-e3c9991 elementor-widget elementor-widget-heading\" data-id=\"e3c9991\" data-element_type=\"widget\" data-e-type=\"widget\" data-widget_type=\"heading.default\">\n\t\t\t\t<div class=\"elementor-widget-container\">\n\t\t\t\t\t<h2 class=\"elementor-heading-title elementor-size-default\"><a href=\"https:\/\/josueleal.com\/pigov3\">Home<\/a><\/h2>\t\t\t\t<\/div>\n\t\t\t\t<\/div>\n\t\t\t\t<div class=\"elementor-element elementor-element-f442865 elementor-view-default elementor-widget elementor-widget-icon\" data-id=\"f442865\" data-element_type=\"widget\" data-e-type=\"widget\" data-widget_type=\"icon.default\">\n\t\t\t\t<div class=\"elementor-widget-container\">\n\t\t\t\t\t\t\t<div class=\"elementor-icon-wrapper\">\n\t\t\t<div class=\"elementor-icon\">\n\t\t\t<svg xmlns=\"http:\/\/www.w3.org\/2000\/svg\" width=\"16\" height=\"16\" viewBox=\"0 0 16 16\" fill=\"none\"><path d=\"M5.72656 11.0533L8.7799 8L5.72656 4.94L6.66656 4L10.6666 8L6.66656 12L5.72656 11.0533Z\" fill=\"white\"><\/path><\/svg>\t\t\t<\/div>\n\t\t<\/div>\n\t\t\t\t\t\t<\/div>\n\t\t\t\t<\/div>\n\t\t\t\t<div class=\"elementor-element elementor-element-3ba2aa5 elementor-widget elementor-widget-heading\" data-id=\"3ba2aa5\" data-element_type=\"widget\" data-e-type=\"widget\" data-widget_type=\"heading.default\">\n\t\t\t\t<div class=\"elementor-widget-container\">\n\t\t\t\t\t<h2 class=\"elementor-heading-title elementor-size-default\">Vice-Governador<\/h2>\t\t\t\t<\/div>\n\t\t\t\t<\/div>\n\t\t\t\t<\/div>\n\t\t\t\t\t<\/div>\n\t\t\t\t<\/div>\n\t\t<div class=\"elementor-element elementor-element-bf8ea0d e-flex e-con-boxed e-con e-parent\" data-id=\"bf8ea0d\" data-element_type=\"container\" data-e-type=\"container\">\n\t\t\t\t\t<div class=\"e-con-inner\">\n\t\t<div class=\"elementor-element elementor-element-649495d e-con-full e-flex e-con e-child\" data-id=\"649495d\" data-element_type=\"container\" data-e-type=\"container\">\n\t\t<div class=\"elementor-element elementor-element-8952349 e-con-full e-flex e-con e-child\" data-id=\"8952349\" data-element_type=\"container\" data-e-type=\"container\" data-settings=\"{&quot;background_background&quot;:&quot;classic&quot;}\">\n\t\t<div class=\"elementor-element elementor-element-7ec12aa e-con-full e-flex e-con e-child\" data-id=\"7ec12aa\" data-element_type=\"container\" data-e-type=\"container\">\n\t\t\t\t<div class=\"elementor-element elementor-element-35f3f18 elementor-widget elementor-widget-image\" data-id=\"35f3f18\" data-element_type=\"widget\" data-e-type=\"widget\" data-widget_type=\"image.default\">\n\t\t\t\t<div class=\"elementor-widget-container\">\n\t\t\t\t\t\t\t\t\t\t\t\t\t\t\t<img fetchpriority=\"high\" decoding=\"async\" width=\"300\" height=\"300\" src=\"https:\/\/josueleal.com\/pigov3\/wp-content\/uploads\/2024\/11\/nova-foto-vice-governador02.jpg\" class=\"attachment-large size-large wp-image-1214\" alt=\"\" srcset=\"https:\/\/josueleal.com\/pigov3\/wp-content\/uploads\/2024\/11\/nova-foto-vice-governador02.jpg 300w, https:\/\/josueleal.com\/pigov3\/wp-content\/uploads\/2024\/11\/nova-foto-vice-governador02-150x150.jpg 150w\" sizes=\"(max-width: 300px) 100vw, 300px\" \/>\t\t\t\t\t\t\t\t\t\t\t\t\t\t\t<\/div>\n\t\t\t\t<\/div>\n\t\t\t\t<\/div>\n\t\t<div class=\"elementor-element elementor-element-b2372df e-con-full e-flex e-con e-child\" data-id=\"b2372df\" data-element_type=\"container\" data-e-type=\"container\">\n\t\t<div class=\"elementor-element elementor-element-151a132 e-con-full e-flex e-con e-child\" data-id=\"151a132\" data-element_type=\"container\" data-e-type=\"container\">\n\t\t\t\t<div class=\"elementor-element elementor-element-528161e elementor-widget elementor-widget-heading\" data-id=\"528161e\" data-element_type=\"widget\" data-e-type=\"widget\" data-widget_type=\"heading.default\">\n\t\t\t\t<div class=\"elementor-widget-container\">\n\t\t\t\t\t<h2 class=\"elementor-heading-title elementor-size-default\">Them\u00edstocles de Sampaio Pereira Filho<\/h2>\t\t\t\t<\/div>\n\t\t\t\t<\/div>\n\t\t\t\t<div class=\"elementor-element elementor-element-3637f8e elementor-widget elementor-widget-heading\" data-id=\"3637f8e\" data-element_type=\"widget\" data-e-type=\"widget\" data-widget_type=\"heading.default\">\n\t\t\t\t<div class=\"elementor-widget-container\">\n\t\t\t\t\t<h2 class=\"elementor-heading-title elementor-size-default\">Vice-Governador do Estado do Piau\u00ed<\/h2>\t\t\t\t<\/div>\n\t\t\t\t<\/div>\n\t\t\t\t<div class=\"elementor-element elementor-element-3319e6a elementor-widget-divider--view-line elementor-widget elementor-widget-divider\" data-id=\"3319e6a\" data-element_type=\"widget\" data-e-type=\"widget\" data-widget_type=\"divider.default\">\n\t\t\t\t<div class=\"elementor-widget-container\">\n\t\t\t\t\t\t\t<div class=\"elementor-divider\">\n\t\t\t<span class=\"elementor-divider-separator\">\n\t\t\t\t\t\t<\/span>\n\t\t<\/div>\n\t\t\t\t\t\t<\/div>\n\t\t\t\t<\/div>\n\t\t\t\t<\/div>\n\t\t\t\t<div class=\"elementor-element elementor-element-958f375 elementor-icon-list--layout-traditional elementor-list-item-link-full_width elementor-widget elementor-widget-icon-list\" data-id=\"958f375\" data-element_type=\"widget\" data-e-type=\"widget\" data-widget_type=\"icon-list.default\">\n\t\t\t\t<div class=\"elementor-widget-container\">\n\t\t\t\t\t\t\t<ul class=\"elementor-icon-list-items\">\n\t\t\t\t\t\t\t<li class=\"elementor-icon-list-item\">\n\t\t\t\t\t\t\t\t\t\t<span class=\"elementor-icon-list-text\"><\/span>\n\t\t\t\t\t\t\t\t\t<\/li>\n\t\t\t\t\t\t\t\t<li class=\"elementor-icon-list-item\">\n\t\t\t\t\t\t\t\t\t\t<span class=\"elementor-icon-list-text\">Estado Civil: Casado<\/span>\n\t\t\t\t\t\t\t\t\t<\/li>\n\t\t\t\t\t\t\t\t<li class=\"elementor-icon-list-item\">\n\t\t\t\t\t\t\t\t\t\t<span class=\"elementor-icon-list-text\"><\/span>\n\t\t\t\t\t\t\t\t\t<\/li>\n\t\t\t\t\t\t<\/ul>\n\t\t\t\t\t\t<\/div>\n\t\t\t\t<\/div>\n\t\t\t\t<div class=\"elementor-element elementor-element-a1da156 elementor-widget elementor-widget-shortcode\" data-id=\"a1da156\" data-element_type=\"widget\" data-e-type=\"widget\" data-widget_type=\"shortcode.default\">\n\t\t\t\t<div class=\"elementor-widget-container\">\n\t\t\t\t\t\t\t<div class=\"elementor-shortcode\">[governo_redes tipo=\"vice\"]\n<\/div>\n\t\t\t\t\t\t<\/div>\n\t\t\t\t<\/div>\n\t\t\t\t<\/div>\n\t\t\t\t<\/div>\n\t\t<div class=\"elementor-element elementor-element-60d390f e-con-full e-flex e-con e-child\" data-id=\"60d390f\" data-element_type=\"container\" data-e-type=\"container\" data-settings=\"{&quot;background_background&quot;:&quot;classic&quot;}\">\n\t\t\t\t<div class=\"elementor-element elementor-element-2547a14 elementor-widget elementor-widget-heading\" data-id=\"2547a14\" data-element_type=\"widget\" data-e-type=\"widget\" data-widget_type=\"heading.default\">\n\t\t\t\t<div class=\"elementor-widget-container\">\n\t\t\t\t\t<h2 class=\"elementor-heading-title elementor-size-default\">Habilidades e Compet\u00eancias<\/h2>\t\t\t\t<\/div>\n\t\t\t\t<\/div>\n\t\t<div class=\"elementor-element elementor-element-a8d525d e-con-full e-flex e-con e-child\" data-id=\"a8d525d\" data-element_type=\"container\" data-e-type=\"container\">\n\t\t\t\t<div class=\"elementor-element elementor-element-2ede234 elementor-widget elementor-widget-heading\" data-id=\"2ede234\" data-element_type=\"widget\" data-e-type=\"widget\" data-widget_type=\"heading.default\">\n\t\t\t\t<div class=\"elementor-widget-container\">\n\t\t\t\t\t<h2 class=\"elementor-heading-title elementor-size-default\"><p>Advogado<\/p>\n<\/h2>\t\t\t\t<\/div>\n\t\t\t\t<\/div>\n\t\t\t\t<\/div>\n\t\t\t\t<\/div>\n\t\t<div class=\"elementor-element elementor-element-f5c1b2e e-con-full e-flex e-con e-child\" data-id=\"f5c1b2e\" data-element_type=\"container\" data-e-type=\"container\" data-settings=\"{&quot;background_background&quot;:&quot;classic&quot;}\">\n\t\t\t\t<div class=\"elementor-element elementor-element-afaed8e elementor-widget elementor-widget-heading\" data-id=\"afaed8e\" data-element_type=\"widget\" data-e-type=\"widget\" data-widget_type=\"heading.default\">\n\t\t\t\t<div class=\"elementor-widget-container\">\n\t\t\t\t\t<h2 class=\"elementor-heading-title elementor-size-default\">Experi\u00eancia<\/h2>\t\t\t\t<\/div>\n\t\t\t\t<\/div>\n\t\t<div class=\"elementor-element elementor-element-cde80b2 e-con-full e-flex e-con e-child\" data-id=\"cde80b2\" data-element_type=\"container\" data-e-type=\"container\">\n\t\t\t\t<div class=\"elementor-element elementor-element-6442fa4 elementor-widget elementor-widget-heading\" data-id=\"6442fa4\" data-element_type=\"widget\" data-e-type=\"widget\" data-widget_type=\"heading.default\">\n\t\t\t\t<div class=\"elementor-widget-container\">\n\t\t\t\t\t<h2 class=\"elementor-heading-title elementor-size-default\"><p>Filia\u00e7\u00e3o: Them\u00edstocles de Sampaio Pareira e Anat\u00e1lia Gon\u00e7alves de Sampaio Pereira<\/p>\n<p>Exerceu o cargo de Secret\u00e1rio da Justi\u00e7a e Cidadania do Governo Alberto Silva.<\/p>\n<p>Secretario Estadual de Seguran\u00e7a por dois mandatos consecutivos no Governo de Francisco Moraes Sousa (M\u00e3o Santa)<\/p>\n<p>Reformulou todo o Sistema Penitenci\u00e1rio do Estado do Piau\u00ed.<\/p>\n<p>Presidente do Diret\u00f3rio Municipal do PMDB desde 1982 at\u00e9 2001, passando a ser Presidente de Honra.<\/p>\n<p>Em 1984. ficou na primeira supl\u00eancia de deputado estadual, dividindo seu tempo entre a Secretaria de Articula\u00e7\u00e3o Municipal e a Secretaria de Justi\u00e7a durante o primeiro governo M\u00e3o Santa, retornando a este \u00faltimo cargo ap\u00f3s a reelei\u00e7\u00e3o do governador.<\/p>\n<p><strong>Vida pol\u00edtica:<\/strong><\/p>\n<p>Deputado Estadual pela Assembleia Legislativa do Piau\u00ed (1986 a 1989)<\/p>\n<p>Deputado Estadual pela Assembleia Legislativa do Piau\u00ed (1990 a 1993)<\/p>\n<p>Deputado pela Assembleia Legislativa do Piau\u00ed (1994 a 1997)<\/p>\n<p>Deputado pela Assembleia Legislativa do Piau\u00ed (1997 a 2000)<\/p>\n<p>Deputado pela Assembleia Legislativa do Piau\u00ed (2000 a 2003)<\/p>\n<p>Deputado pela Assembleia Legislativa do Piau\u00ed (2004 a 2007)<\/p>\n<p>Deputado pela Assembleia Legislativa do Piau\u00ed (2008 a 2011)<\/p>\n<p>Deputado pela Assembleia Legislativa do Piau\u00ed (2012 a 1014)<\/p>\n<p>Deputado pela Assembleia Legislativa do Piau\u00ed (2015 &#8211; 2018)<\/p>\n<p>Deputado pela Assembleia Legislativa do Piau\u00ed (2019 &#8211; 2022)<\/p>\n<p>Them\u00edstocles de Sampaio Pereira Filho foi eleito em 2004 presidente da Assembleia Legislativa do Estado, cargo que ocupou por 18 anos.<\/p>\n<p>Durante seu Mandato como Presidente da Assembleia Legislativa do Piau\u00ed, ampliou o Pal\u00e1cio Petr\u00f4nio Portela, construindo o pr\u00e9dio anexo que hoje compreende a parte administrativa da Casa, ficando o Pal\u00e1cio antigo para os Deputados, Sess\u00f5es e tudo que se diz respeito ao \u00e2mbito legislativo. Fundou a TV Assembleia do Estado do Piau\u00ed e a R\u00e1dio Assembleia. Fundou tamb\u00e9m o Cine Teatro da Assembleia, com capacidade para 200 pessoas com Foyer para Exposi\u00e7\u00f5es, lan\u00e7amentos de livros e eventos de forma geral.<\/p>\n<p>Fundou ainda a Escola do Legislativo que hoje oferece cursos em v\u00e1rias \u00e1reas de atua\u00e7\u00e3o. Fundou o Centro Cultural do Dirceu Arcoverde, oferecendo cursos de capacita\u00e7\u00e3o \u00e0 popula\u00e7\u00e3o mais carente. Fundou o Centro Esportivo do Monte Castelo destinado \u00e0 popula\u00e7\u00e3o e aos funcion\u00e1rios legislativos. Determinou a reforma e moderniza\u00e7\u00e3o do Pal\u00e1cio Petr\u00f4nio Portela, trazendo tecnologia de \u00faltima gera\u00e7\u00e3o e viabilizando o treinamento dos funcion\u00e1rios. Atualizou o Interlegis e hoje mant\u00e9m uma equipe gabaritada e ativa em constantemente trabalho de capacita\u00e7\u00e3o e atualiza\u00e7\u00e3o. Fundou um Centro de Ensino no Monte Castelo com professores que atendia \u00e0 popula\u00e7\u00e3o carente da regi\u00e3o, com equipe de professores formada por funcion\u00e1rios da Assembleia Legislativa do Piau\u00ed, observando atentamente o potencial de cada a fim de melhor atender ao p\u00fablico piauiense de forma geral.<\/p>\n<p>Construiu um Templo Religioso para missas e eventos, no pr\u00e9dio anexo. Transferiu o Pr\u00e9dio do Setor m\u00e9dico para a pra\u00e7a da Assembleia, reformando e ampliando, trazendo mais especialidades para o Setor. Fundou o Centro de Fisioterapia da Assembleia Legislativa do Piau\u00ed.<\/p>\n<\/h2>\t\t\t\t<\/div>\n\t\t\t\t<\/div>\n\t\t\t\t<\/div>\n\t\t\t\t<\/div>\n\t\t\t\t<\/div>\n\t\t\t\t\t<\/div>\n\t\t\t\t<\/div>\n\t\t\t\t<\/div>\n\t\t","protected":false},"excerpt":{"rendered":"<p>Home Vice-Governador Vice-Governador do Estado do Piau\u00ed [governo_redes tipo=&#8221;vice&#8221;] Habilidades e Compet\u00eancias Experi\u00eancia<\/p>\n","protected":false},"author":1,"featured_media":0,"parent":0,"menu_order":0,"comment_status":"closed","ping_status":"closed","template":"elementor_header_footer","meta":{"_acf_changed":false,"footnotes":""},"class_list":["post-1202","page","type-page","status-publish","hentry"],"pp_statuses_selecting_workflow":false,"pp_workflow_action":"current","pp_status_selection":"publish","acf":[],"_links":{"self":[{"href":"https:\/\/josueleal.com\/pigov3\/wp-json\/wp\/v2\/pages\/1202","targetHints":{"allow":["GET"]}}],"collection":[{"href":"https:\/\/josueleal.com\/pigov3\/wp-json\/wp\/v2\/pages"}],"about":[{"href":"https:\/\/josueleal.com\/pigov3\/wp-json\/wp\/v2\/types\/page"}],"author":[{"embeddable":true,"href":"https:\/\/josueleal.com\/pigov3\/wp-json\/wp\/v2\/users\/1"}],"replies":[{"embeddable":true,"href":"https:\/\/josueleal.com\/pigov3\/wp-json\/wp\/v2\/comments?post=1202"}],"version-history":[{"count":64,"href":"https:\/\/josueleal.com\/pigov3\/wp-json\/wp\/v2\/pages\/1202\/revisions"}],"predecessor-version":[{"id":29095,"href":"https:\/\/josueleal.com\/pigov3\/wp-json\/wp\/v2\/pages\/1202\/revisions\/29095"}],"wp:attachment":[{"href":"https:\/\/josueleal.com\/pigov3\/wp-json\/wp\/v2\/media?parent=1202"}],"curies":[{"name":"wp","href":"https:\/\/api.w.org\/{rel}","templated":true}]}}