{"id":1150,"date":"2024-11-11T11:28:57","date_gmt":"2024-11-11T14:28:57","guid":{"rendered":"https:\/\/josueleal.com\/pigov3\/?page_id=1150"},"modified":"2026-03-06T11:55:42","modified_gmt":"2026-03-06T14:55:42","slug":"governador","status":"publish","type":"page","link":"https:\/\/josueleal.com\/pigov3\/governador\/","title":{"rendered":"Governador"},"content":{"rendered":"\t\t<div data-elementor-type=\"wp-page\" data-elementor-id=\"1150\" class=\"elementor elementor-1150\" data-elementor-settings=\"{&quot;element_pack_global_tooltip_width&quot;:{&quot;unit&quot;:&quot;px&quot;,&quot;size&quot;:&quot;&quot;,&quot;sizes&quot;:[]},&quot;element_pack_global_tooltip_width_tablet&quot;:{&quot;unit&quot;:&quot;px&quot;,&quot;size&quot;:&quot;&quot;,&quot;sizes&quot;:[]},&quot;element_pack_global_tooltip_width_mobile&quot;:{&quot;unit&quot;:&quot;px&quot;,&quot;size&quot;:&quot;&quot;,&quot;sizes&quot;:[]},&quot;element_pack_global_tooltip_padding&quot;:{&quot;unit&quot;:&quot;px&quot;,&quot;top&quot;:&quot;&quot;,&quot;right&quot;:&quot;&quot;,&quot;bottom&quot;:&quot;&quot;,&quot;left&quot;:&quot;&quot;,&quot;isLinked&quot;:true},&quot;element_pack_global_tooltip_padding_tablet&quot;:{&quot;unit&quot;:&quot;px&quot;,&quot;top&quot;:&quot;&quot;,&quot;right&quot;:&quot;&quot;,&quot;bottom&quot;:&quot;&quot;,&quot;left&quot;:&quot;&quot;,&quot;isLinked&quot;:true},&quot;element_pack_global_tooltip_padding_mobile&quot;:{&quot;unit&quot;:&quot;px&quot;,&quot;top&quot;:&quot;&quot;,&quot;right&quot;:&quot;&quot;,&quot;bottom&quot;:&quot;&quot;,&quot;left&quot;:&quot;&quot;,&quot;isLinked&quot;:true},&quot;element_pack_global_tooltip_border_radius&quot;:{&quot;unit&quot;:&quot;px&quot;,&quot;top&quot;:&quot;&quot;,&quot;right&quot;:&quot;&quot;,&quot;bottom&quot;:&quot;&quot;,&quot;left&quot;:&quot;&quot;,&quot;isLinked&quot;:true},&quot;element_pack_global_tooltip_border_radius_tablet&quot;:{&quot;unit&quot;:&quot;px&quot;,&quot;top&quot;:&quot;&quot;,&quot;right&quot;:&quot;&quot;,&quot;bottom&quot;:&quot;&quot;,&quot;left&quot;:&quot;&quot;,&quot;isLinked&quot;:true},&quot;element_pack_global_tooltip_border_radius_mobile&quot;:{&quot;unit&quot;:&quot;px&quot;,&quot;top&quot;:&quot;&quot;,&quot;right&quot;:&quot;&quot;,&quot;bottom&quot;:&quot;&quot;,&quot;left&quot;:&quot;&quot;,&quot;isLinked&quot;:true}}\" data-elementor-post-type=\"page\">\n\t\t\t\t<div class=\"elementor-element elementor-element-fbc139b e-flex e-con-boxed e-con e-parent\" data-id=\"fbc139b\" data-element_type=\"container\" data-e-type=\"container\" data-settings=\"{&quot;background_background&quot;:&quot;classic&quot;}\">\n\t\t\t\t\t<div class=\"e-con-inner\">\n\t\t<div class=\"elementor-element elementor-element-65125a7 e-con-full e-flex e-con e-child\" data-id=\"65125a7\" data-element_type=\"container\" data-e-type=\"container\">\n\t\t\t\t<div class=\"elementor-element elementor-element-89c7962 elementor-widget elementor-widget-heading\" data-id=\"89c7962\" data-element_type=\"widget\" data-e-type=\"widget\" data-widget_type=\"heading.default\">\n\t\t\t\t<div class=\"elementor-widget-container\">\n\t\t\t\t\t<h2 class=\"elementor-heading-title elementor-size-default\"><a href=\"https:\/\/josueleal.com\/pigov3\">Home<\/a><\/h2>\t\t\t\t<\/div>\n\t\t\t\t<\/div>\n\t\t\t\t<div class=\"elementor-element elementor-element-d1209a7 elementor-view-default elementor-widget elementor-widget-icon\" data-id=\"d1209a7\" data-element_type=\"widget\" data-e-type=\"widget\" data-widget_type=\"icon.default\">\n\t\t\t\t<div class=\"elementor-widget-container\">\n\t\t\t\t\t\t\t<div class=\"elementor-icon-wrapper\">\n\t\t\t<div class=\"elementor-icon\">\n\t\t\t<svg xmlns=\"http:\/\/www.w3.org\/2000\/svg\" width=\"16\" height=\"16\" viewBox=\"0 0 16 16\" fill=\"none\"><path d=\"M5.72656 11.0533L8.7799 8L5.72656 4.94L6.66656 4L10.6666 8L6.66656 12L5.72656 11.0533Z\" fill=\"white\"><\/path><\/svg>\t\t\t<\/div>\n\t\t<\/div>\n\t\t\t\t\t\t<\/div>\n\t\t\t\t<\/div>\n\t\t\t\t<div class=\"elementor-element elementor-element-cf62ed2 elementor-widget elementor-widget-heading\" data-id=\"cf62ed2\" data-element_type=\"widget\" data-e-type=\"widget\" data-widget_type=\"heading.default\">\n\t\t\t\t<div class=\"elementor-widget-container\">\n\t\t\t\t\t<h2 class=\"elementor-heading-title elementor-size-default\">Governador<\/h2>\t\t\t\t<\/div>\n\t\t\t\t<\/div>\n\t\t\t\t<\/div>\n\t\t\t\t\t<\/div>\n\t\t\t\t<\/div>\n\t\t<div class=\"elementor-element elementor-element-8789d93 e-flex e-con-boxed e-con e-parent\" data-id=\"8789d93\" data-element_type=\"container\" data-e-type=\"container\">\n\t\t\t\t\t<div class=\"e-con-inner\">\n\t\t<div class=\"elementor-element elementor-element-8affedd e-con-full e-flex e-con e-child\" data-id=\"8affedd\" data-element_type=\"container\" data-e-type=\"container\">\n\t\t<div class=\"elementor-element elementor-element-2014e4a e-con-full e-flex e-con e-child\" data-id=\"2014e4a\" data-element_type=\"container\" data-e-type=\"container\" data-settings=\"{&quot;background_background&quot;:&quot;classic&quot;}\">\n\t\t<div class=\"elementor-element elementor-element-9b25531 e-con-full e-flex e-con e-child\" data-id=\"9b25531\" data-element_type=\"container\" data-e-type=\"container\">\n\t\t\t\t<div class=\"elementor-element elementor-element-a50f0c3 elementor-widget elementor-widget-image\" data-id=\"a50f0c3\" data-element_type=\"widget\" data-e-type=\"widget\" data-widget_type=\"image.default\">\n\t\t\t\t<div class=\"elementor-widget-container\">\n\t\t\t\t\t\t\t\t\t\t\t\t\t\t\t<img decoding=\"async\" src=\"https:\/\/josueleal.com\/pigov3\/wp-content\/uploads\/2025\/11\/governador.jpg\" title=\"\" alt=\"\" loading=\"lazy\" \/>\t\t\t\t\t\t\t\t\t\t\t\t\t\t\t<\/div>\n\t\t\t\t<\/div>\n\t\t\t\t<div class=\"elementor-element elementor-element-7a07ab2 elementor-widget elementor-widget-html\" data-id=\"7a07ab2\" data-element_type=\"widget\" data-e-type=\"widget\" data-widget_type=\"html.default\">\n\t\t\t\t<div class=\"elementor-widget-container\">\n\t\t\t\t\t<a href=\"https:\/\/josueleal.com\/portal.pi.gov\/wp-content\/uploads\/2025\/08\/foto__Rafael-Fonteles_com-moldura.pdf\" class=\"link-download\" download=\"foto-governador.pdf\">Baixar Foto\n<\/a>\n\t\t\t\t<\/div>\n\t\t\t\t<\/div>\n\t\t\t\t<\/div>\n\t\t<div class=\"elementor-element elementor-element-f5378f0 e-con-full e-flex e-con e-child\" data-id=\"f5378f0\" data-element_type=\"container\" data-e-type=\"container\">\n\t\t<div class=\"elementor-element elementor-element-f0b9f1f e-con-full e-flex e-con e-child\" data-id=\"f0b9f1f\" data-element_type=\"container\" data-e-type=\"container\">\n\t\t\t\t<div class=\"elementor-element elementor-element-d6e4bad elementor-widget elementor-widget-heading\" data-id=\"d6e4bad\" data-element_type=\"widget\" data-e-type=\"widget\" data-widget_type=\"heading.default\">\n\t\t\t\t<div class=\"elementor-widget-container\">\n\t\t\t\t\t<h2 class=\"elementor-heading-title elementor-size-default\">Rafael Tajra Fonteles<\/h2>\t\t\t\t<\/div>\n\t\t\t\t<\/div>\n\t\t\t\t<div class=\"elementor-element elementor-element-ae5d25f elementor-widget elementor-widget-heading\" data-id=\"ae5d25f\" data-element_type=\"widget\" data-e-type=\"widget\" data-widget_type=\"heading.default\">\n\t\t\t\t<div class=\"elementor-widget-container\">\n\t\t\t\t\t<h2 class=\"elementor-heading-title elementor-size-default\">Governador do Estado do Piau\u00ed<\/h2>\t\t\t\t<\/div>\n\t\t\t\t<\/div>\n\t\t\t\t<div class=\"elementor-element elementor-element-0fd3f3a elementor-widget-divider--view-line elementor-widget elementor-widget-divider\" data-id=\"0fd3f3a\" data-element_type=\"widget\" data-e-type=\"widget\" data-widget_type=\"divider.default\">\n\t\t\t\t<div class=\"elementor-widget-container\">\n\t\t\t\t\t\t\t<div class=\"elementor-divider\">\n\t\t\t<span class=\"elementor-divider-separator\">\n\t\t\t\t\t\t<\/span>\n\t\t<\/div>\n\t\t\t\t\t\t<\/div>\n\t\t\t\t<\/div>\n\t\t\t\t<\/div>\n\t\t\t\t<div class=\"elementor-element elementor-element-d75b84d elementor-icon-list--layout-traditional elementor-list-item-link-full_width elementor-widget elementor-widget-icon-list\" data-id=\"d75b84d\" data-element_type=\"widget\" data-e-type=\"widget\" data-widget_type=\"icon-list.default\">\n\t\t\t\t<div class=\"elementor-widget-container\">\n\t\t\t\t\t\t\t<ul class=\"elementor-icon-list-items\">\n\t\t\t\t\t\t\t<li class=\"elementor-icon-list-item\">\n\t\t\t\t\t\t\t\t\t\t<span class=\"elementor-icon-list-text\">Nascimento:06\/05\/1985<\/span>\n\t\t\t\t\t\t\t\t\t<\/li>\n\t\t\t\t\t\t\t\t<li class=\"elementor-icon-list-item\">\n\t\t\t\t\t\t\t\t\t\t<span class=\"elementor-icon-list-text\">Estado Civil: Casado<\/span>\n\t\t\t\t\t\t\t\t\t<\/li>\n\t\t\t\t\t\t\t\t<li class=\"elementor-icon-list-item\">\n\t\t\t\t\t\t\t\t\t\t<span class=\"elementor-icon-list-text\">Naturalidade: Teresina, Piau\u00ed, Brasil<\/span>\n\t\t\t\t\t\t\t\t\t<\/li>\n\t\t\t\t\t\t<\/ul>\n\t\t\t\t\t\t<\/div>\n\t\t\t\t<\/div>\n\t\t\t\t<div class=\"elementor-element elementor-element-915a2db elementor-widget elementor-widget-shortcode\" data-id=\"915a2db\" data-element_type=\"widget\" data-e-type=\"widget\" data-widget_type=\"shortcode.default\">\n\t\t\t\t<div class=\"elementor-widget-container\">\n\t\t\t\t\t\t\t<div class=\"elementor-shortcode\"><ul style=\"\n            display:flex;\n            align-items:center;\n            gap:32px;\n            list-style:none;\n            margin:0;\n            padding:0;\n        \"><li><a href=\"https:\/\/pt-br.facebook.com\/rafaelfontelespi\/\" target=\"_blank\" rel=\"noopener noreferrer\" style=\"\n                display:flex;\n                align-items:center;\n                justify-content:center;\n                text-decoration:none;\n                line-height:1;\n            \"><img loading=\"lazy\" src=\"https:\/\/cdn.simpleicons.org\/facebook\" alt=\"\" width=\"24\" height=\"24\" loading=\"lazy\" decoding=\"async\" style=\"\n                display:block;\n                width:24px;\n                height:24px;\n                filter: brightness(0) saturate(100%) invert(19%) sepia(78%) saturate(2164%) hue-rotate(200deg) brightness(90%) contrast(95%);\n            \"><\/a><\/li><li><a href=\"https:\/\/www.instagram.com\/rafael.fonteles\/\" target=\"_blank\" rel=\"noopener noreferrer\" style=\"\n                display:flex;\n                align-items:center;\n                justify-content:center;\n                text-decoration:none;\n                line-height:1;\n            \"><img loading=\"lazy\" src=\"https:\/\/cdn.simpleicons.org\/instagram\" alt=\"\" width=\"24\" height=\"24\" loading=\"lazy\" decoding=\"async\" style=\"\n                display:block;\n                width:24px;\n                height:24px;\n                filter: brightness(0) saturate(100%) invert(19%) sepia(78%) saturate(2164%) hue-rotate(200deg) brightness(90%) contrast(95%);\n            \"><\/a><\/li><li><a href=\"https:\/\/twitter.com\/RafaelFonteles_?ref_src=twsrc%5Egoogle%7Ctwcamp%5Eserp%7Ctwgr%5Eauthor\" target=\"_blank\" rel=\"noopener noreferrer\" style=\"\n                display:flex;\n                align-items:center;\n                justify-content:center;\n                text-decoration:none;\n                line-height:1;\n            \"><img loading=\"lazy\" src=\"https:\/\/cdn.simpleicons.org\/x\" alt=\"\" width=\"24\" height=\"24\" loading=\"lazy\" decoding=\"async\" style=\"\n                display:block;\n                width:24px;\n                height:24px;\n                filter: brightness(0) saturate(100%) invert(19%) sepia(78%) saturate(2164%) hue-rotate(200deg) brightness(90%) contrast(95%);\n            \"><\/a><\/li><li><a href=\"https:\/\/www.pi.gov.br\/governador#\" target=\"_blank\" rel=\"noopener noreferrer\" style=\"\n                display:flex;\n                align-items:center;\n                justify-content:center;\n                text-decoration:none;\n                line-height:1;\n            \"><img loading=\"lazy\" src=\"https:\/\/cdn.simpleicons.org\/youtube\" alt=\"\" width=\"24\" height=\"24\" loading=\"lazy\" decoding=\"async\" style=\"\n                display:block;\n                width:24px;\n                height:24px;\n                filter: brightness(0) saturate(100%) invert(19%) sepia(78%) saturate(2164%) hue-rotate(200deg) brightness(90%) contrast(95%);\n            \"><\/a><\/li><li><a href=\"https:\/\/www.pi.gov.br\/governador#\" target=\"_blank\" rel=\"noopener noreferrer\" style=\"\n                display:flex;\n                align-items:center;\n                justify-content:center;\n                text-decoration:none;\n                line-height:1;\n            \"><img loading=\"lazy\" src=\"https:\/\/cdn.simpleicons.org\/telegram\" alt=\"\" width=\"24\" height=\"24\" loading=\"lazy\" decoding=\"async\" style=\"\n                display:block;\n                width:24px;\n                height:24px;\n                filter: brightness(0) saturate(100%) invert(19%) sepia(78%) saturate(2164%) hue-rotate(200deg) brightness(90%) contrast(95%);\n            \"><\/a><\/li><\/ul><\/div>\n\t\t\t\t\t\t<\/div>\n\t\t\t\t<\/div>\n\t\t\t\t<\/div>\n\t\t\t\t<\/div>\n\t\t<div class=\"elementor-element elementor-element-b9c5083 e-con-full e-flex e-con e-child\" data-id=\"b9c5083\" data-element_type=\"container\" data-e-type=\"container\" data-settings=\"{&quot;background_background&quot;:&quot;classic&quot;}\">\n\t\t\t\t<div class=\"elementor-element elementor-element-83cba05 elementor-widget elementor-widget-heading\" data-id=\"83cba05\" data-element_type=\"widget\" data-e-type=\"widget\" data-widget_type=\"heading.default\">\n\t\t\t\t<div class=\"elementor-widget-container\">\n\t\t\t\t\t<h2 class=\"elementor-heading-title elementor-size-default\">Habilidades e Compet\u00eancias<\/h2>\t\t\t\t<\/div>\n\t\t\t\t<\/div>\n\t\t<div class=\"elementor-element elementor-element-1703ea3 e-con-full e-flex e-con e-child\" data-id=\"1703ea3\" data-element_type=\"container\" data-e-type=\"container\">\n\t\t\t\t<div class=\"elementor-element elementor-element-850adf5 elementor-widget elementor-widget-heading\" data-id=\"850adf5\" data-element_type=\"widget\" data-e-type=\"widget\" data-widget_type=\"heading.default\">\n\t\t\t\t<div class=\"elementor-widget-container\">\n\t\t\t\t\t<h2 class=\"elementor-heading-title elementor-size-default\"><p>Rafael Tajra Fonteles, 39 anos, \u00e9 bacharel em Matem\u00e1tica e mestre em Economia Matem\u00e1tica no Instituto de Matem\u00e1tica Pura e Aplicada (IMPA\/RJ). Premiado nas Olimp\u00edadas Internacionais de Qu\u00edmica (2002), F\u00edsica (2002) e Matem\u00e1tica (2004) na Holanda, Indon\u00e9sia e Maced\u00f4nia, respectivamente. \u00c9 professor, empreendedor e consultor de investimentos.<\/p>\n<\/h2>\t\t\t\t<\/div>\n\t\t\t\t<\/div>\n\t\t\t\t<\/div>\n\t\t\t\t<\/div>\n\t\t<div class=\"elementor-element elementor-element-1cfe21b e-con-full e-flex e-con e-child\" data-id=\"1cfe21b\" data-element_type=\"container\" data-e-type=\"container\" data-settings=\"{&quot;background_background&quot;:&quot;classic&quot;}\">\n\t\t\t\t<div class=\"elementor-element elementor-element-4ca0495 elementor-widget elementor-widget-heading\" data-id=\"4ca0495\" data-element_type=\"widget\" data-e-type=\"widget\" data-widget_type=\"heading.default\">\n\t\t\t\t<div class=\"elementor-widget-container\">\n\t\t\t\t\t<h2 class=\"elementor-heading-title elementor-size-default\">Experi\u00eancia<\/h2>\t\t\t\t<\/div>\n\t\t\t\t<\/div>\n\t\t<div class=\"elementor-element elementor-element-dd8b8f1 e-con-full e-flex e-con e-child\" data-id=\"dd8b8f1\" data-element_type=\"container\" data-e-type=\"container\">\n\t\t\t\t<div class=\"elementor-element elementor-element-5e41099 elementor-widget elementor-widget-heading\" data-id=\"5e41099\" data-element_type=\"widget\" data-e-type=\"widget\" data-widget_type=\"heading.default\">\n\t\t\t\t<div class=\"elementor-widget-container\">\n\t\t\t\t\t<h2 class=\"elementor-heading-title elementor-size-default\"><p>Foi secret\u00e1rio da Fazenda do Piau\u00ed de 2015 a 2022 e presidente do Comit\u00ea Nacional dos Secret\u00e1rios de Fazenda dos Estados e do Distrito Federal (Comsefaz) por dois mandatos, de 2019 a 2022.<\/p>\n<p>Governador do Piau\u00ed, eleito no primeiro turno das Elei\u00e7\u00f5es de 2022, com 1.115.139 votos, a maior marca da hist\u00f3ria do estado. Foi empossado em 1\u00ba de janeiro de 2023.<\/p>\n<\/h2>\t\t\t\t<\/div>\n\t\t\t\t<\/div>\n\t\t\t\t<\/div>\n\t\t\t\t<\/div>\n\t\t\t\t<\/div>\n\t\t\t\t\t<\/div>\n\t\t\t\t<\/div>\n\t\t\t\t<\/div>\n\t\t","protected":false},"excerpt":{"rendered":"<p>Home Governador Baixar Foto Governador do Estado do Piau\u00ed Habilidades e Compet\u00eancias Experi\u00eancia<\/p>\n","protected":false},"author":1,"featured_media":0,"parent":0,"menu_order":0,"comment_status":"closed","ping_status":"closed","template":"elementor_header_footer","meta":{"_acf_changed":false,"footnotes":""},"class_list":["post-1150","page","type-page","status-publish","hentry"],"pp_statuses_selecting_workflow":false,"pp_workflow_action":"current","pp_status_selection":"publish","acf":[],"_links":{"self":[{"href":"https:\/\/josueleal.com\/pigov3\/wp-json\/wp\/v2\/pages\/1150","targetHints":{"allow":["GET"]}}],"collection":[{"href":"https:\/\/josueleal.com\/pigov3\/wp-json\/wp\/v2\/pages"}],"about":[{"href":"https:\/\/josueleal.com\/pigov3\/wp-json\/wp\/v2\/types\/page"}],"author":[{"embeddable":true,"href":"https:\/\/josueleal.com\/pigov3\/wp-json\/wp\/v2\/users\/1"}],"replies":[{"embeddable":true,"href":"https:\/\/josueleal.com\/pigov3\/wp-json\/wp\/v2\/comments?post=1150"}],"version-history":[{"count":152,"href":"https:\/\/josueleal.com\/pigov3\/wp-json\/wp\/v2\/pages\/1150\/revisions"}],"predecessor-version":[{"id":29207,"href":"https:\/\/josueleal.com\/pigov3\/wp-json\/wp\/v2\/pages\/1150\/revisions\/29207"}],"wp:attachment":[{"href":"https:\/\/josueleal.com\/pigov3\/wp-json\/wp\/v2\/media?parent=1150"}],"curies":[{"name":"wp","href":"https:\/\/api.w.org\/{rel}","templated":true}]}}